{"id":1402,"date":"2024-04-01T08:09:59","date_gmt":"2024-04-01T08:09:59","guid":{"rendered":"https:\/\/www.appenzellos.ch\/?post_type=product&#038;p=1402"},"modified":"2024-04-01T08:11:10","modified_gmt":"2024-04-01T08:11:10","slug":"tres-hermanos-no-6-2","status":"publish","type":"product","link":"https:\/\/www.appenzellos.ch\/fr\/product\/tres-hermanos-no-6-2\/","title":{"rendered":"Tres Hermanos No 6"},"content":{"rendered":"<p>Cape : \u00c9quateur<br \/>\nSous-cape : R\u00e9publique Dominicaine<br \/>\nTripe : R\u00e9publique Dominicaine, P\u00e9rou<br \/>\nDur\u00e9e de fumage : environ 2 heures<\/p>\n<p>La Big Hermano 1866 est une v\u00e9ritable apparition parmi les cigares, avec sa longueur de 18 cm et un diam\u00e8tre de 2,6 cm (anneau 66), elle surpasse toute autre grande cigare. Parfaite pour les moments sp\u00e9ciaux, cette cigare se distingue non seulement par sa taille mais aussi par sa composition sophistiqu\u00e9e, offrant une fum\u00e9e plus fra\u00eeche et des ar\u00f4mes plus complexes, le chemin plus long de la fum\u00e9e agissant comme un filtre. D'une douceur d\u00e9licate, fabriqu\u00e9e en R\u00e9publique Dominicaine et enrichie par les meilleurs mat\u00e9riaux d'\u00c9quateur et du P\u00e9rou, elle promet environ deux heures de plaisir unique, avec une exp\u00e9rience de fumage \u00e9l\u00e9gante, mise en valeur par une diversit\u00e9 aromatique, une combustion parfaite et une beaut\u00e9 visuelle.<\/p>\n<p>Nouveau chez Appenzellos et en collaboration avec Tres Hermanos !<\/p>\n<p><img decoding=\"async\" class=\"alignnone size-medium wp-image-1384\" src=\"https:\/\/www.appenzellos.ch\/wp-content\/uploads\/2024\/04\/tres_hermanos-300x87.png\" alt=\"\" width=\"300\" height=\"87\" srcset=\"https:\/\/www.appenzellos.ch\/wp-content\/uploads\/2024\/04\/tres_hermanos-300x87.png 300w, https:\/\/www.appenzellos.ch\/wp-content\/uploads\/2024\/04\/tres_hermanos-18x5.png 18w, https:\/\/www.appenzellos.ch\/wp-content\/uploads\/2024\/04\/tres_hermanos-362x106.png 362w, https:\/\/www.appenzellos.ch\/wp-content\/uploads\/2024\/04\/tres_hermanos.png 391w\" sizes=\"(max-width: 300px) 100vw, 300px\" \/><\/p>","protected":false},"excerpt":{"rendered":"<p>Deckblatt: Ecuador Umblatt: Dominikanische Republik Einlage: Dominikanische Republik, Peru Rauchdauer: ca. 2 Stunden Die Big Hermano 1866 ist eine wahre Erscheinung unter den Zigarren, die mit ihrer L\u00e4nge von 18 cm und einem Durchmesser von 2,6 cm (Ring 66) jede andere gro\u00dfe Zigarre in den Schatten stellt. Sie ist perfekt f\u00fcr besondere Momente, in denen [&hellip;]<\/p>\n","protected":false},"featured_media":1405,"template":"","meta":{"ocean_post_layout":"full-width","ocean_both_sidebars_style":"","ocean_both_sidebars_content_width":0,"ocean_both_sidebars_sidebars_width":0,"ocean_sidebar":"0","ocean_second_sidebar":"0","ocean_disable_margins":"enable","ocean_add_body_class":"","ocean_shortcode_before_top_bar":"","ocean_shortcode_after_top_bar":"","ocean_shortcode_before_header":"","ocean_shortcode_after_header":"","ocean_has_shortcode":"","ocean_shortcode_after_title":"","ocean_shortcode_before_footer_widgets":"","ocean_shortcode_after_footer_widgets":"","ocean_shortcode_before_footer_bottom":"","ocean_shortcode_after_footer_bottom":"","ocean_display_top_bar":"default","ocean_display_header":"default","ocean_header_style":"","ocean_center_header_left_menu":"0","ocean_custom_header_template":"0","ocean_custom_logo":0,"ocean_custom_retina_logo":0,"ocean_custom_logo_max_width":0,"ocean_custom_logo_tablet_max_width":0,"ocean_custom_logo_mobile_max_width":0,"ocean_custom_logo_max_height":0,"ocean_custom_logo_tablet_max_height":0,"ocean_custom_logo_mobile_max_height":0,"ocean_header_custom_menu":"0","ocean_menu_typo_font_family":"0","ocean_menu_typo_font_subset":"","ocean_menu_typo_font_size":0,"ocean_menu_typo_font_size_tablet":0,"ocean_menu_typo_font_size_mobile":0,"ocean_menu_typo_font_size_unit":"px","ocean_menu_typo_font_weight":"","ocean_menu_typo_font_weight_tablet":"","ocean_menu_typo_font_weight_mobile":"","ocean_menu_typo_transform":"","ocean_menu_typo_transform_tablet":"","ocean_menu_typo_transform_mobile":"","ocean_menu_typo_line_height":0,"ocean_menu_typo_line_height_tablet":0,"ocean_menu_typo_line_height_mobile":0,"ocean_menu_typo_line_height_unit":"","ocean_menu_typo_spacing":0,"ocean_menu_typo_spacing_tablet":0,"ocean_menu_typo_spacing_mobile":0,"ocean_menu_typo_spacing_unit":"","ocean_menu_link_color":"","ocean_menu_link_color_hover":"","ocean_menu_link_color_active":"","ocean_menu_link_background":"","ocean_menu_link_hover_background":"","ocean_menu_link_active_background":"","ocean_menu_social_links_bg":"","ocean_menu_social_hover_links_bg":"","ocean_menu_social_links_color":"","ocean_menu_social_hover_links_color":"","ocean_disable_title":"on","ocean_disable_heading":"on","ocean_post_title":"","ocean_post_subheading":"","ocean_post_title_style":"","ocean_post_title_background_color":"","ocean_post_title_background":0,"ocean_post_title_bg_image_position":"","ocean_post_title_bg_image_attachment":"","ocean_post_title_bg_image_repeat":"","ocean_post_title_bg_image_size":"","ocean_post_title_height":0,"ocean_post_title_bg_overlay":0.5,"ocean_post_title_bg_overlay_color":"","ocean_disable_breadcrumbs":"default","ocean_breadcrumbs_color":"","ocean_breadcrumbs_separator_color":"","ocean_breadcrumbs_links_color":"","ocean_breadcrumbs_links_hover_color":"","ocean_display_footer_widgets":"default","ocean_display_footer_bottom":"default","ocean_custom_footer_template":"0"},"product_brand":[],"product_cat":[15],"product_tag":[],"class_list":{"0":"post-1402","1":"product","2":"type-product","3":"status-publish","4":"has-post-thumbnail","6":"product_cat-uncategorized","8":"entry","9":"has-media","11":"first","12":"instock","13":"taxable","14":"shipping-taxable","15":"purchasable","16":"product-type-variable","17":"has-default-attributes","18":"has-product-nav","19":"col","20":"span_1_of_3","21":"owp-content-center","22":"owp-thumbs-layout-horizontal","23":"owp-btn-normal","24":"owp-tabs-layout-vertical","25":"has-no-thumbnails"},"yoast_head":"<!-- This site is optimized with the Yoast SEO plugin v27.5 - https:\/\/yoast.com\/product\/yoast-seo-wordpress\/ -->\n<title>Tres Hermanos No 6 - Appenzellos by Conde de Irazu<\/title>\n<meta name=\"description\" content=\"Nat\u00fcrlich Erdig bis moosig R\u00f6staroma Bester costa-ricanischer Tabak hergestellt in Costa Rica etwas st\u00e4rkere Zigarre Zellophan-Verpackung!\" \/>\n<meta name=\"robots\" content=\"index, follow, max-snippet:-1, max-image-preview:large, max-video-preview:-1\" \/>\n<link rel=\"canonical\" href=\"https:\/\/www.appenzellos.ch\/fr\/product\/tres-hermanos-no-6-2\/\" \/>\n<meta property=\"og:locale\" content=\"fr_FR\" \/>\n<meta property=\"og:type\" content=\"article\" \/>\n<meta property=\"og:title\" content=\"Tres Hermanos No 6 - Appenzellos by Conde de Irazu\" \/>\n<meta property=\"og:description\" content=\"Nat\u00fcrlich Erdig bis moosig R\u00f6staroma Bester costa-ricanischer Tabak hergestellt in Costa Rica etwas st\u00e4rkere Zigarre Zellophan-Verpackung!\" \/>\n<meta property=\"og:url\" content=\"https:\/\/www.appenzellos.ch\/fr\/product\/tres-hermanos-no-6-2\/\" \/>\n<meta property=\"og:site_name\" content=\"Appenzellos by Conde de Irazu\" \/>\n<meta property=\"article:modified_time\" content=\"2024-04-01T08:11:10+00:00\" \/>\n<meta property=\"og:image\" content=\"https:\/\/www.appenzellos.ch\/wp-content\/uploads\/2024\/04\/image-4-6.png\" \/>\n\t<meta property=\"og:image:width\" content=\"362\" \/>\n\t<meta property=\"og:image:height\" content=\"317\" \/>\n\t<meta property=\"og:image:type\" content=\"image\/png\" \/>\n<meta name=\"twitter:card\" content=\"summary_large_image\" \/>\n<meta name=\"twitter:label1\" content=\"Dur\u00e9e de lecture estim\u00e9e\" \/>\n\t<meta name=\"twitter:data1\" content=\"2 minutes\" \/>\n<script type=\"application\/ld+json\" class=\"yoast-schema-graph\">{\"@context\":\"https:\\\/\\\/schema.org\",\"@graph\":[{\"@type\":\"WebPage\",\"@id\":\"https:\\\/\\\/www.appenzellos.ch\\\/product\\\/tres-hermanos-no-6-2\\\/\",\"url\":\"https:\\\/\\\/www.appenzellos.ch\\\/product\\\/tres-hermanos-no-6-2\\\/\",\"name\":\"Tres Hermanos No 6 - Appenzellos by Conde de Irazu\",\"isPartOf\":{\"@id\":\"https:\\\/\\\/www.appenzellos.ch\\\/#website\"},\"primaryImageOfPage\":{\"@id\":\"https:\\\/\\\/www.appenzellos.ch\\\/product\\\/tres-hermanos-no-6-2\\\/#primaryimage\"},\"image\":{\"@id\":\"https:\\\/\\\/www.appenzellos.ch\\\/product\\\/tres-hermanos-no-6-2\\\/#primaryimage\"},\"thumbnailUrl\":\"https:\\\/\\\/www.appenzellos.ch\\\/wp-content\\\/uploads\\\/2024\\\/04\\\/image-4-6.png\",\"datePublished\":\"2024-04-01T08:09:59+00:00\",\"dateModified\":\"2024-04-01T08:11:10+00:00\",\"description\":\"Nat\u00fcrlich Erdig bis moosig R\u00f6staroma Bester costa-ricanischer Tabak hergestellt in Costa Rica etwas st\u00e4rkere Zigarre Zellophan-Verpackung!\",\"breadcrumb\":{\"@id\":\"https:\\\/\\\/www.appenzellos.ch\\\/product\\\/tres-hermanos-no-6-2\\\/#breadcrumb\"},\"inLanguage\":\"fr-FR\",\"potentialAction\":[{\"@type\":\"ReadAction\",\"target\":[\"https:\\\/\\\/www.appenzellos.ch\\\/product\\\/tres-hermanos-no-6-2\\\/\"]}]},{\"@type\":\"ImageObject\",\"inLanguage\":\"fr-FR\",\"@id\":\"https:\\\/\\\/www.appenzellos.ch\\\/product\\\/tres-hermanos-no-6-2\\\/#primaryimage\",\"url\":\"https:\\\/\\\/www.appenzellos.ch\\\/wp-content\\\/uploads\\\/2024\\\/04\\\/image-4-6.png\",\"contentUrl\":\"https:\\\/\\\/www.appenzellos.ch\\\/wp-content\\\/uploads\\\/2024\\\/04\\\/image-4-6.png\",\"width\":362,\"height\":317},{\"@type\":\"BreadcrumbList\",\"@id\":\"https:\\\/\\\/www.appenzellos.ch\\\/product\\\/tres-hermanos-no-6-2\\\/#breadcrumb\",\"itemListElement\":[{\"@type\":\"ListItem\",\"position\":1,\"name\":\"Home\",\"item\":\"https:\\\/\\\/www.appenzellos.ch\\\/\"},{\"@type\":\"ListItem\",\"position\":2,\"name\":\"Shop Irazu\",\"item\":\"https:\\\/\\\/www.appenzellos.ch\\\/shop\\\/\"},{\"@type\":\"ListItem\",\"position\":3,\"name\":\"Tres Hermanos No 6\"}]},{\"@type\":\"WebSite\",\"@id\":\"https:\\\/\\\/www.appenzellos.ch\\\/#website\",\"url\":\"https:\\\/\\\/www.appenzellos.ch\\\/\",\"name\":\"Appenzellos by Conde de Irazu\",\"description\":\"\",\"publisher\":{\"@id\":\"https:\\\/\\\/www.appenzellos.ch\\\/#organization\"},\"potentialAction\":[{\"@type\":\"SearchAction\",\"target\":{\"@type\":\"EntryPoint\",\"urlTemplate\":\"https:\\\/\\\/www.appenzellos.ch\\\/?s={search_term_string}\"},\"query-input\":{\"@type\":\"PropertyValueSpecification\",\"valueRequired\":true,\"valueName\":\"search_term_string\"}}],\"inLanguage\":\"fr-FR\"},{\"@type\":\"Organization\",\"@id\":\"https:\\\/\\\/www.appenzellos.ch\\\/#organization\",\"name\":\"Appenzellos by Conde de Irazu\",\"url\":\"https:\\\/\\\/www.appenzellos.ch\\\/\",\"logo\":{\"@type\":\"ImageObject\",\"inLanguage\":\"fr-FR\",\"@id\":\"https:\\\/\\\/www.appenzellos.ch\\\/#\\\/schema\\\/logo\\\/image\\\/\",\"url\":\"https:\\\/\\\/www.appenzellos.ch\\\/wp-content\\\/uploads\\\/2022\\\/02\\\/logo.png\",\"contentUrl\":\"https:\\\/\\\/www.appenzellos.ch\\\/wp-content\\\/uploads\\\/2022\\\/02\\\/logo.png\",\"width\":141,\"height\":56,\"caption\":\"Appenzellos by Conde de Irazu\"},\"image\":{\"@id\":\"https:\\\/\\\/www.appenzellos.ch\\\/#\\\/schema\\\/logo\\\/image\\\/\"}}]}<\/script>\n<!-- \/ Yoast SEO plugin. -->","yoast_head_json":{"title":"Tres Hermanos No 6 - Appenzellos by Conde de Irazu","description":"Nat\u00fcrlich Erdig bis moosig R\u00f6staroma Bester costa-ricanischer Tabak hergestellt in Costa Rica etwas st\u00e4rkere Zigarre Zellophan-Verpackung!","robots":{"index":"index","follow":"follow","max-snippet":"max-snippet:-1","max-image-preview":"max-image-preview:large","max-video-preview":"max-video-preview:-1"},"canonical":"https:\/\/www.appenzellos.ch\/fr\/product\/tres-hermanos-no-6-2\/","og_locale":"fr_FR","og_type":"article","og_title":"Tres Hermanos No 6 - Appenzellos by Conde de Irazu","og_description":"Nat\u00fcrlich Erdig bis moosig R\u00f6staroma Bester costa-ricanischer Tabak hergestellt in Costa Rica etwas st\u00e4rkere Zigarre Zellophan-Verpackung!","og_url":"https:\/\/www.appenzellos.ch\/fr\/product\/tres-hermanos-no-6-2\/","og_site_name":"Appenzellos by Conde de Irazu","article_modified_time":"2024-04-01T08:11:10+00:00","og_image":[{"width":362,"height":317,"url":"https:\/\/www.appenzellos.ch\/wp-content\/uploads\/2024\/04\/image-4-6.png","type":"image\/png"}],"twitter_card":"summary_large_image","twitter_misc":{"Dur\u00e9e de lecture estim\u00e9e":"2 minutes"},"schema":{"@context":"https:\/\/schema.org","@graph":[{"@type":"WebPage","@id":"https:\/\/www.appenzellos.ch\/product\/tres-hermanos-no-6-2\/","url":"https:\/\/www.appenzellos.ch\/product\/tres-hermanos-no-6-2\/","name":"Tres Hermanos No 6 - Appenzellos by Conde de Irazu","isPartOf":{"@id":"https:\/\/www.appenzellos.ch\/#website"},"primaryImageOfPage":{"@id":"https:\/\/www.appenzellos.ch\/product\/tres-hermanos-no-6-2\/#primaryimage"},"image":{"@id":"https:\/\/www.appenzellos.ch\/product\/tres-hermanos-no-6-2\/#primaryimage"},"thumbnailUrl":"https:\/\/www.appenzellos.ch\/wp-content\/uploads\/2024\/04\/image-4-6.png","datePublished":"2024-04-01T08:09:59+00:00","dateModified":"2024-04-01T08:11:10+00:00","description":"Nat\u00fcrlich Erdig bis moosig R\u00f6staroma Bester costa-ricanischer Tabak hergestellt in Costa Rica etwas st\u00e4rkere Zigarre Zellophan-Verpackung!","breadcrumb":{"@id":"https:\/\/www.appenzellos.ch\/product\/tres-hermanos-no-6-2\/#breadcrumb"},"inLanguage":"fr-FR","potentialAction":[{"@type":"ReadAction","target":["https:\/\/www.appenzellos.ch\/product\/tres-hermanos-no-6-2\/"]}]},{"@type":"ImageObject","inLanguage":"fr-FR","@id":"https:\/\/www.appenzellos.ch\/product\/tres-hermanos-no-6-2\/#primaryimage","url":"https:\/\/www.appenzellos.ch\/wp-content\/uploads\/2024\/04\/image-4-6.png","contentUrl":"https:\/\/www.appenzellos.ch\/wp-content\/uploads\/2024\/04\/image-4-6.png","width":362,"height":317},{"@type":"BreadcrumbList","@id":"https:\/\/www.appenzellos.ch\/product\/tres-hermanos-no-6-2\/#breadcrumb","itemListElement":[{"@type":"ListItem","position":1,"name":"Home","item":"https:\/\/www.appenzellos.ch\/"},{"@type":"ListItem","position":2,"name":"Shop Irazu","item":"https:\/\/www.appenzellos.ch\/shop\/"},{"@type":"ListItem","position":3,"name":"Tres Hermanos No 6"}]},{"@type":"WebSite","@id":"https:\/\/www.appenzellos.ch\/#website","url":"https:\/\/www.appenzellos.ch\/","name":"Appenzellos by Conde de Irazu","description":"","publisher":{"@id":"https:\/\/www.appenzellos.ch\/#organization"},"potentialAction":[{"@type":"SearchAction","target":{"@type":"EntryPoint","urlTemplate":"https:\/\/www.appenzellos.ch\/?s={search_term_string}"},"query-input":{"@type":"PropertyValueSpecification","valueRequired":true,"valueName":"search_term_string"}}],"inLanguage":"fr-FR"},{"@type":"Organization","@id":"https:\/\/www.appenzellos.ch\/#organization","name":"Appenzellos by Conde de Irazu","url":"https:\/\/www.appenzellos.ch\/","logo":{"@type":"ImageObject","inLanguage":"fr-FR","@id":"https:\/\/www.appenzellos.ch\/#\/schema\/logo\/image\/","url":"https:\/\/www.appenzellos.ch\/wp-content\/uploads\/2022\/02\/logo.png","contentUrl":"https:\/\/www.appenzellos.ch\/wp-content\/uploads\/2022\/02\/logo.png","width":141,"height":56,"caption":"Appenzellos by Conde de Irazu"},"image":{"@id":"https:\/\/www.appenzellos.ch\/#\/schema\/logo\/image\/"}}]}},"_links":{"self":[{"href":"https:\/\/www.appenzellos.ch\/fr\/wp-json\/wp\/v2\/product\/1402","targetHints":{"allow":["GET"]}}],"collection":[{"href":"https:\/\/www.appenzellos.ch\/fr\/wp-json\/wp\/v2\/product"}],"about":[{"href":"https:\/\/www.appenzellos.ch\/fr\/wp-json\/wp\/v2\/types\/product"}],"wp:featuredmedia":[{"embeddable":true,"href":"https:\/\/www.appenzellos.ch\/fr\/wp-json\/wp\/v2\/media\/1405"}],"wp:attachment":[{"href":"https:\/\/www.appenzellos.ch\/fr\/wp-json\/wp\/v2\/media?parent=1402"}],"wp:term":[{"taxonomy":"product_brand","embeddable":true,"href":"https:\/\/www.appenzellos.ch\/fr\/wp-json\/wp\/v2\/product_brand?post=1402"},{"taxonomy":"product_cat","embeddable":true,"href":"https:\/\/www.appenzellos.ch\/fr\/wp-json\/wp\/v2\/product_cat?post=1402"},{"taxonomy":"product_tag","embeddable":true,"href":"https:\/\/www.appenzellos.ch\/fr\/wp-json\/wp\/v2\/product_tag?post=1402"}],"curies":[{"name":"wp","href":"https:\/\/api.w.org\/{rel}","templated":true}]}}