{"id":187,"date":"2022-02-06T19:20:45","date_gmt":"2022-02-06T19:20:45","guid":{"rendered":"http:\/\/irazu.elinica.ch\/?page_id=187"},"modified":"2022-06-04T08:10:31","modified_gmt":"2022-06-04T08:10:31","slug":"beschreibung","status":"publish","type":"page","link":"https:\/\/www.appenzellos.ch\/fr\/beschreibung\/","title":{"rendered":"Description"},"content":{"rendered":"<div data-elementor-type=\"wp-page\" data-elementor-id=\"187\" class=\"elementor elementor-187\" data-elementor-post-type=\"page\">\n\t\t\t\t\t\t<section class=\"elementor-section elementor-top-section elementor-element elementor-element-749b342 elementor-section-stretched elementor-section-boxed elementor-section-height-default elementor-section-height-default\" data-id=\"749b342\" data-element_type=\"section\" data-e-type=\"section\" data-settings=\"{&quot;stretch_section&quot;:&quot;section-stretched&quot;,&quot;background_background&quot;:&quot;classic&quot;}\">\n\t\t\t\t\t\t<div class=\"elementor-container elementor-column-gap-default\">\n\t\t\t\t\t<div class=\"elementor-column elementor-col-100 elementor-top-column elementor-element elementor-element-d7ca5d9\" data-id=\"d7ca5d9\" data-element_type=\"column\" data-e-type=\"column\" data-settings=\"{&quot;background_background&quot;:&quot;classic&quot;}\">\n\t\t\t<div class=\"elementor-widget-wrap elementor-element-populated\">\n\t\t\t\t\t\t<section class=\"elementor-section elementor-inner-section elementor-element elementor-element-0474c2c elementor-section-boxed elementor-section-height-default elementor-section-height-default\" data-id=\"0474c2c\" data-element_type=\"section\" data-e-type=\"section\">\n\t\t\t\t\t\t<div class=\"elementor-container elementor-column-gap-default\">\n\t\t\t\t\t<div class=\"elementor-column elementor-col-100 elementor-inner-column elementor-element elementor-element-f56ad8d\" data-id=\"f56ad8d\" data-element_type=\"column\" data-e-type=\"column\">\n\t\t\t<div class=\"elementor-widget-wrap elementor-element-populated\">\n\t\t\t\t\t\t<div class=\"elementor-element elementor-element-9ce5dab elementor-widget elementor-widget-heading\" data-id=\"9ce5dab\" data-element_type=\"widget\" data-e-type=\"widget\" data-widget_type=\"heading.default\">\n\t\t\t\t<div class=\"elementor-widget-container\">\n\t\t\t\t\t<h1 class=\"elementor-heading-title elementor-size-default\"><span class=\"elementor-heading-title elementor-size-default elementor-inline-editing pen\" data-elementor-setting-key=\"title\" data-pen-placeholder=\"Type Here...\" style=\"font-family: Manrope, sans-serif;font-style: normal\">Qui sommes-nous?<\/span><\/h1>\t\t\t\t<\/div>\n\t\t\t\t<\/div>\n\t\t\t\t<div class=\"elementor-element elementor-element-bb3206b elementor-widget elementor-widget-text-editor\" data-id=\"bb3206b\" data-element_type=\"widget\" data-e-type=\"widget\" data-widget_type=\"text-editor.default\">\n\t\t\t\t<div class=\"elementor-widget-container\">\n\t\t\t\t\t\t\t\t\t<p>D\u00e9couvrez l'histoire du Conde de Irazu jusqu'aux Appenzellos<\/p>\t\t\t\t\t\t\t\t<\/div>\n\t\t\t\t<\/div>\n\t\t\t\t\t<\/div>\n\t\t<\/div>\n\t\t\t\t\t<\/div>\n\t\t<\/section>\n\t\t\t\t\t<\/div>\n\t\t<\/div>\n\t\t\t\t\t<\/div>\n\t\t<\/section>\n\t\t\t\t<section class=\"elementor-section elementor-top-section elementor-element elementor-element-3febfdf elementor-section-boxed elementor-section-height-default elementor-section-height-default\" data-id=\"3febfdf\" data-element_type=\"section\" data-e-type=\"section\">\n\t\t\t\t\t\t<div class=\"elementor-container elementor-column-gap-default\">\n\t\t\t\t\t<div class=\"elementor-column elementor-col-100 elementor-top-column elementor-element elementor-element-c300032\" data-id=\"c300032\" data-element_type=\"column\" data-e-type=\"column\" data-settings=\"{&quot;background_background&quot;:&quot;classic&quot;}\">\n\t\t\t<div class=\"elementor-widget-wrap elementor-element-populated\">\n\t\t\t\t\t\t<div class=\"elementor-element elementor-element-14604f5 elementor-widget elementor-widget-heading\" data-id=\"14604f5\" data-element_type=\"widget\" data-e-type=\"widget\" data-widget_type=\"heading.default\">\n\t\t\t\t<div class=\"elementor-widget-container\">\n\t\t\t\t\t<h2 class=\"elementor-heading-title elementor-size-default\">Histoire des \"Appenzellos\"<\/h2>\t\t\t\t<\/div>\n\t\t\t\t<\/div>\n\t\t\t\t<div class=\"elementor-element elementor-element-857c385 elementor-widget elementor-widget-text-editor\" data-id=\"857c385\" data-element_type=\"widget\" data-e-type=\"widget\" data-widget_type=\"text-editor.default\">\n\t\t\t\t<div class=\"elementor-widget-container\">\n\t\t\t\t\t\t\t\t\t<p>A la fin des ann\u00e9es 80 et au d\u00e9but des ann\u00e9es 90, j'ai travaill\u00e9 \u00e0 Gen\u00e8ve pendant environ sept ans.<\/p><p>Les trois premiers, je passais tous les matins devant le magasin Davidoff et, le week-end ou le soir, j'observais souvent les gens qui y disparaissaient. En tant qu'Appenzellois, le monde des cigares \u00e9tait totalement nouveau pour moi. Je cherchais en vain des cigares courbes et des cigares en forme de cheval, comme ceux que les paysans fumaient chez nous. Mais j'ai eu la chance de pouvoir me plonger de temps en temps dans ce monde gr\u00e2ce \u00e0 mes divers coll\u00e8gues d'Appenzell et du reste de la Suisse al\u00e9manique. La plupart du temps, apr\u00e8s un d\u00e9jeuner copieux ou un d\u00eener savoureux, on commandait du tabac de Cuba et on le fumait avec d\u00e9lectation pendant des heures.<\/p><p>Les tentes en Suisse romande ont ensuite \u00e9t\u00e9 abandonn\u00e9es et je suis revenu \u00e0 Appenzell en 1995. Ce qui est rest\u00e9, c'est le virus du cigare. Entre-temps, j'ai \u00e9galement essay\u00e9 d'autres sortes de tabac et j'ai aussi fum\u00e9 la pipe pendant un certain temps.<\/p><p>Ce qui me d\u00e9rangeait ou me pr\u00e9occupait de plus en plus, c'\u00e9tait le rythme effr\u00e9n\u00e9 de la vie quotidienne ou du monde du travail. Tout le monde me disait : non, je ne fume pas de cigare, c'est trop long. C'est ainsi qu'a m\u00fbri l'id\u00e9e, dans mon \"Ch\u00f6pfli\" appenzellois, que quelque chose devait \u00eatre mis sur le march\u00e9 pour r\u00e9pondre \u00e0 ce besoin.<\/p><p>Les Appenzellois - connus pour \u00eatre un petit peuple, mais qui n'a pas besoin de se cacher - ont fourni le nom.<\/p>\t\t\t\t\t\t\t\t<\/div>\n\t\t\t\t<\/div>\n\t\t\t\t\t<\/div>\n\t\t<\/div>\n\t\t\t\t\t<\/div>\n\t\t<\/section>\n\t\t\t\t<section class=\"elementor-section elementor-top-section elementor-element elementor-element-1a24cb6 elementor-section-boxed elementor-section-height-default elementor-section-height-default\" data-id=\"1a24cb6\" data-element_type=\"section\" data-e-type=\"section\" data-settings=\"{&quot;background_background&quot;:&quot;classic&quot;}\">\n\t\t\t\t\t\t<div class=\"elementor-container elementor-column-gap-default\">\n\t\t\t\t\t<div class=\"elementor-column elementor-col-100 elementor-top-column elementor-element elementor-element-ef79db9\" data-id=\"ef79db9\" data-element_type=\"column\" data-e-type=\"column\">\n\t\t\t<div class=\"elementor-widget-wrap elementor-element-populated\">\n\t\t\t\t\t\t<section class=\"elementor-section elementor-inner-section elementor-element elementor-element-99af754 elementor-section-boxed elementor-section-height-default elementor-section-height-default\" data-id=\"99af754\" data-element_type=\"section\" data-e-type=\"section\">\n\t\t\t\t\t\t<div class=\"elementor-container elementor-column-gap-default\">\n\t\t\t\t\t<div class=\"elementor-column elementor-col-50 elementor-inner-column elementor-element elementor-element-08c1068\" data-id=\"08c1068\" data-element_type=\"column\" data-e-type=\"column\">\n\t\t\t<div class=\"elementor-widget-wrap elementor-element-populated\">\n\t\t\t\t\t\t<div class=\"elementor-element elementor-element-5ea23aa elementor-widget elementor-widget-image\" data-id=\"5ea23aa\" data-element_type=\"widget\" data-e-type=\"widget\" data-widget_type=\"image.default\">\n\t\t\t\t<div class=\"elementor-widget-container\">\n\t\t\t\t\t\t\t\t\t\t\t\t\t\t\t<img fetchpriority=\"high\" decoding=\"async\" width=\"271\" height=\"343\" src=\"https:\/\/www.appenzellos.ch\/wp-content\/uploads\/2022\/02\/irazu-lg.png\" class=\"attachment-large size-large wp-image-225\" alt=\"\" srcset=\"https:\/\/www.appenzellos.ch\/wp-content\/uploads\/2022\/02\/irazu-lg.png 271w, https:\/\/www.appenzellos.ch\/wp-content\/uploads\/2022\/02\/irazu-lg-237x300.png 237w, https:\/\/www.appenzellos.ch\/wp-content\/uploads\/2022\/02\/irazu-lg-9x12.png 9w\" sizes=\"(max-width: 271px) 100vw, 271px\" \/>\t\t\t\t\t\t\t\t\t\t\t\t\t\t\t<\/div>\n\t\t\t\t<\/div>\n\t\t\t\t\t<\/div>\n\t\t<\/div>\n\t\t\t\t<div class=\"elementor-column elementor-col-50 elementor-inner-column elementor-element elementor-element-3b14e35\" data-id=\"3b14e35\" data-element_type=\"column\" data-e-type=\"column\">\n\t\t\t<div class=\"elementor-widget-wrap elementor-element-populated\">\n\t\t\t\t\t\t<div class=\"elementor-element elementor-element-36d305c elementor-widget elementor-widget-heading\" data-id=\"36d305c\" data-element_type=\"widget\" data-e-type=\"widget\" data-widget_type=\"heading.default\">\n\t\t\t\t<div class=\"elementor-widget-container\">\n\t\t\t\t\t<h2 class=\"elementor-heading-title elementor-size-default\">Appenzellos dans le shop<\/h2>\t\t\t\t<\/div>\n\t\t\t\t<\/div>\n\t\t\t\t<div class=\"elementor-element elementor-element-fd9e343 elementor-widget elementor-widget-text-editor\" data-id=\"fd9e343\" data-element_type=\"widget\" data-e-type=\"widget\" data-widget_type=\"text-editor.default\">\n\t\t\t\t<div class=\"elementor-widget-container\">\n\t\t\t\t\t\t\t\t\t<p>Retrouvez tous nos cigares<\/p>\t\t\t\t\t\t\t\t<\/div>\n\t\t\t\t<\/div>\n\t\t\t\t<div class=\"elementor-element elementor-element-b20e507 elementor-align-left btn-no-padding elementor-widget elementor-widget-button\" data-id=\"b20e507\" data-element_type=\"widget\" data-e-type=\"widget\" data-widget_type=\"button.default\">\n\t\t\t\t<div class=\"elementor-widget-container\">\n\t\t\t\t\t\t\t\t\t<div class=\"elementor-button-wrapper\">\n\t\t\t\t\t<a class=\"elementor-button elementor-button-link elementor-size-xs\" href=\"\/fr\/shop\/\">\n\t\t\t\t\t\t<span class=\"elementor-button-content-wrapper\">\n\t\t\t\t\t\t<span class=\"elementor-button-icon\">\n\t\t\t\t<i aria-hidden=\"true\" class=\"fas fa-arrow-right\"><\/i>\t\t\t<\/span>\n\t\t\t\t\t\t\t\t\t<span class=\"elementor-button-text\">Acc\u00e9der \u00e0 la shop<\/span>\n\t\t\t\t\t<\/span>\n\t\t\t\t\t<\/a>\n\t\t\t\t<\/div>\n\t\t\t\t\t\t\t\t<\/div>\n\t\t\t\t<\/div>\n\t\t\t\t\t<\/div>\n\t\t<\/div>\n\t\t\t\t\t<\/div>\n\t\t<\/section>\n\t\t\t\t\t<\/div>\n\t\t<\/div>\n\t\t\t\t\t<\/div>\n\t\t<\/section>\n\t\t\t\t<section class=\"elementor-section elementor-top-section elementor-element elementor-element-e304bf5 elementor-section-boxed elementor-section-height-default elementor-section-height-default\" data-id=\"e304bf5\" data-element_type=\"section\" data-e-type=\"section\">\n\t\t\t\t\t\t<div class=\"elementor-container elementor-column-gap-default\">\n\t\t\t\t\t<div class=\"elementor-column elementor-col-100 elementor-top-column elementor-element elementor-element-1ab2497\" data-id=\"1ab2497\" data-element_type=\"column\" data-e-type=\"column\" data-settings=\"{&quot;background_background&quot;:&quot;classic&quot;}\">\n\t\t\t<div class=\"elementor-widget-wrap elementor-element-populated\">\n\t\t\t\t\t\t<div class=\"elementor-element elementor-element-1557c7d elementor-widget elementor-widget-heading\" data-id=\"1557c7d\" data-element_type=\"widget\" data-e-type=\"widget\" data-widget_type=\"heading.default\">\n\t\t\t\t<div class=\"elementor-widget-container\">\n\t\t\t\t\t<h2 class=\"elementor-heading-title elementor-size-default\">Appenzellos<\/h2>\t\t\t\t<\/div>\n\t\t\t\t<\/div>\n\t\t\t\t<div class=\"elementor-element elementor-element-8e8fbf0 elementor-widget elementor-widget-text-editor\" data-id=\"8e8fbf0\" data-element_type=\"widget\" data-e-type=\"widget\" data-widget_type=\"text-editor.default\">\n\t\t\t\t<div class=\"elementor-widget-container\">\n\t\t\t\t\t\t\t\t\t<p>L'id\u00e9e \u00e9tait de cr\u00e9er un cigare que l'on puisse fumer en 25-30 minutes, qui ne pr\u00e9sente aucun d\u00e9faut de qualit\u00e9 et qui soit facile \u00e0 fumer pour tout le monde ou presque. (La longueur et le diam\u00e8tre sont toujours les m\u00eames aujourd'hui). La recherche d'un producteur s'est ensuite av\u00e9r\u00e9e plus difficile, le format Robusto Immenso n'\u00e9tant pas encore connu sur le march\u00e9. Entre le premier rendez-vous avec le producteur et la premi\u00e8re livraison, il s'est \u00e9coul\u00e9 deux ans, pas moins. Depuis 2016, nous proposons \u00e9galement les grands appenzellos \"confortables\", car les personnes \u00e2g\u00e9es ont de nouveau plus de temps \u00e0 consacrer \u00e0 la d\u00e9gustation \ud83d\ude09.<\/p><p>Les cigares sont produits au Costa Rica avec du tabac de la R\u00e9publique dominicaine sous le nom de \"CONDE DE IRAZU\". Les descriptions exactes et les formats peuvent \u00eatre consult\u00e9s sur le site www.appenzellos.ch ou www.irazu.ch. La vente se fait exclusivement par Internet et dans quelques boutiques de cigares s\u00e9lectionn\u00e9es. Les h\u00f4tels locaux sont \u00e9galement de bons acheteurs et nous soutiennent depuis nos d\u00e9buts.<\/p><p>Je vous souhaite \u00e0 tous de passer un moment agr\u00e9able en fumant et je me r\u00e9jouis de vous faire partager ma passion.<\/p><p>Sepp Rusch<\/p>\t\t\t\t\t\t\t\t<\/div>\n\t\t\t\t<\/div>\n\t\t\t\t\t<\/div>\n\t\t<\/div>\n\t\t\t\t\t<\/div>\n\t\t<\/section>\n\t\t\t\t<\/div>","protected":false},"excerpt":{"rendered":"<p>\u00dcber uns Erfahren Sie mehr \u00fcber die Geschichte von der Conde de Irazu bis hin zu den Appenzellos Geschichte der \u201eAppenzellos\u201c In den sp\u00e4ten 80er bzw. anfang der 90er Jahre habe ich w\u00e4hrend rund sieben Jahren in Genf gearbeitet. Die ersten drei davon bin ich jeden Morgen am Davidoff-Laden vorbeispaziert und an den Wochenenden oder [&hellip;]<\/p>\n","protected":false},"author":1,"featured_media":0,"parent":0,"menu_order":0,"comment_status":"closed","ping_status":"closed","template":"","meta":{"ocean_post_layout":"full-width","ocean_both_sidebars_style":"","ocean_both_sidebars_content_width":0,"ocean_both_sidebars_sidebars_width":0,"ocean_sidebar":"0","ocean_second_sidebar":"0","ocean_disable_margins":"on","ocean_add_body_class":"","ocean_shortcode_before_top_bar":"","ocean_shortcode_after_top_bar":"","ocean_shortcode_before_header":"","ocean_shortcode_after_header":"","ocean_has_shortcode":"","ocean_shortcode_after_title":"","ocean_shortcode_before_footer_widgets":"","ocean_shortcode_after_footer_widgets":"","ocean_shortcode_before_footer_bottom":"","ocean_shortcode_after_footer_bottom":"","ocean_display_top_bar":"on","ocean_display_header":"on","ocean_header_style":"minimal","ocean_center_header_left_menu":"0","ocean_custom_header_template":"0","ocean_custom_logo":0,"ocean_custom_retina_logo":0,"ocean_custom_logo_max_width":0,"ocean_custom_logo_tablet_max_width":0,"ocean_custom_logo_mobile_max_width":0,"ocean_custom_logo_max_height":0,"ocean_custom_logo_tablet_max_height":0,"ocean_custom_logo_mobile_max_height":0,"ocean_header_custom_menu":"0","ocean_menu_typo_font_family":"0","ocean_menu_typo_font_subset":"","ocean_menu_typo_font_size":0,"ocean_menu_typo_font_size_tablet":0,"ocean_menu_typo_font_size_mobile":0,"ocean_menu_typo_font_size_unit":"px","ocean_menu_typo_font_weight":"","ocean_menu_typo_font_weight_tablet":"","ocean_menu_typo_font_weight_mobile":"","ocean_menu_typo_transform":"","ocean_menu_typo_transform_tablet":"","ocean_menu_typo_transform_mobile":"","ocean_menu_typo_line_height":0,"ocean_menu_typo_line_height_tablet":0,"ocean_menu_typo_line_height_mobile":0,"ocean_menu_typo_line_height_unit":"","ocean_menu_typo_spacing":0,"ocean_menu_typo_spacing_tablet":0,"ocean_menu_typo_spacing_mobile":0,"ocean_menu_typo_spacing_unit":"","ocean_menu_link_color":"","ocean_menu_link_color_hover":"","ocean_menu_link_color_active":"","ocean_menu_link_background":"","ocean_menu_link_hover_background":"","ocean_menu_link_active_background":"","ocean_menu_social_links_bg":"","ocean_menu_social_hover_links_bg":"","ocean_menu_social_links_color":"","ocean_menu_social_hover_links_color":"","ocean_disable_title":"on","ocean_disable_heading":"default","ocean_post_title":"","ocean_post_subheading":"","ocean_post_title_style":"","ocean_post_title_background_color":"","ocean_post_title_background":0,"ocean_post_title_bg_image_position":"","ocean_post_title_bg_image_attachment":"","ocean_post_title_bg_image_repeat":"","ocean_post_title_bg_image_size":"","ocean_post_title_height":0,"ocean_post_title_bg_overlay":0.5,"ocean_post_title_bg_overlay_color":"","ocean_disable_breadcrumbs":"off","ocean_breadcrumbs_color":"","ocean_breadcrumbs_separator_color":"","ocean_breadcrumbs_links_color":"","ocean_breadcrumbs_links_hover_color":"","ocean_display_footer_widgets":"default","ocean_display_footer_bottom":"default","ocean_custom_footer_template":"0","footnotes":""},"class_list":["post-187","page","type-page","status-publish","hentry","entry","owp-thumbs-layout-horizontal","owp-btn-normal","owp-tabs-layout-vertical","has-no-thumbnails","has-product-nav"],"yoast_head":"<!-- This site is optimized with the Yoast SEO plugin v27.5 - https:\/\/yoast.com\/product\/yoast-seo-wordpress\/ -->\n<title>Beschreibung - Appenzellos by Conde de Irazu<\/title>\n<meta name=\"description\" content=\"Appenzellos die neu aufstrebende Zigarrenmarke f\u00fcr Kenner der Gem\u00fctlichkeit. Hier die Entstehungsgeschichte.\" \/>\n<meta name=\"robots\" content=\"index, follow, max-snippet:-1, max-image-preview:large, max-video-preview:-1\" \/>\n<link rel=\"canonical\" href=\"https:\/\/www.appenzellos.ch\/fr\/beschreibung\/\" \/>\n<meta property=\"og:locale\" content=\"fr_FR\" \/>\n<meta property=\"og:type\" content=\"article\" \/>\n<meta property=\"og:title\" content=\"Beschreibung - Appenzellos by Conde de Irazu\" \/>\n<meta property=\"og:description\" content=\"Appenzellos die neu aufstrebende Zigarrenmarke f\u00fcr Kenner der Gem\u00fctlichkeit. Hier die Entstehungsgeschichte.\" \/>\n<meta property=\"og:url\" content=\"https:\/\/www.appenzellos.ch\/fr\/beschreibung\/\" \/>\n<meta property=\"og:site_name\" content=\"Appenzellos by Conde de Irazu\" \/>\n<meta property=\"article:modified_time\" content=\"2022-06-04T08:10:31+00:00\" \/>\n<meta property=\"og:image\" content=\"https:\/\/www2.appenzellos.ch\/wp-content\/uploads\/2022\/02\/irazu-lg.png\" \/>\n<meta name=\"twitter:card\" content=\"summary_large_image\" \/>\n<meta name=\"twitter:label1\" content=\"Dur\u00e9e de lecture estim\u00e9e\" \/>\n\t<meta name=\"twitter:data1\" content=\"3 minutes\" \/>\n<script type=\"application\/ld+json\" class=\"yoast-schema-graph\">{\"@context\":\"https:\\\/\\\/schema.org\",\"@graph\":[{\"@type\":\"WebPage\",\"@id\":\"https:\\\/\\\/www.appenzellos.ch\\\/beschreibung\\\/\",\"url\":\"https:\\\/\\\/www.appenzellos.ch\\\/beschreibung\\\/\",\"name\":\"Beschreibung - Appenzellos by Conde de Irazu\",\"isPartOf\":{\"@id\":\"https:\\\/\\\/www.appenzellos.ch\\\/#website\"},\"primaryImageOfPage\":{\"@id\":\"https:\\\/\\\/www.appenzellos.ch\\\/beschreibung\\\/#primaryimage\"},\"image\":{\"@id\":\"https:\\\/\\\/www.appenzellos.ch\\\/beschreibung\\\/#primaryimage\"},\"thumbnailUrl\":\"https:\\\/\\\/www2.appenzellos.ch\\\/wp-content\\\/uploads\\\/2022\\\/02\\\/irazu-lg.png\",\"datePublished\":\"2022-02-06T19:20:45+00:00\",\"dateModified\":\"2022-06-04T08:10:31+00:00\",\"description\":\"Appenzellos die neu aufstrebende Zigarrenmarke f\u00fcr Kenner der Gem\u00fctlichkeit. Hier die Entstehungsgeschichte.\",\"breadcrumb\":{\"@id\":\"https:\\\/\\\/www.appenzellos.ch\\\/beschreibung\\\/#breadcrumb\"},\"inLanguage\":\"fr-FR\",\"potentialAction\":[{\"@type\":\"ReadAction\",\"target\":[\"https:\\\/\\\/www.appenzellos.ch\\\/beschreibung\\\/\"]}]},{\"@type\":\"ImageObject\",\"inLanguage\":\"fr-FR\",\"@id\":\"https:\\\/\\\/www.appenzellos.ch\\\/beschreibung\\\/#primaryimage\",\"url\":\"https:\\\/\\\/www2.appenzellos.ch\\\/wp-content\\\/uploads\\\/2022\\\/02\\\/irazu-lg.png\",\"contentUrl\":\"https:\\\/\\\/www2.appenzellos.ch\\\/wp-content\\\/uploads\\\/2022\\\/02\\\/irazu-lg.png\"},{\"@type\":\"BreadcrumbList\",\"@id\":\"https:\\\/\\\/www.appenzellos.ch\\\/beschreibung\\\/#breadcrumb\",\"itemListElement\":[{\"@type\":\"ListItem\",\"position\":1,\"name\":\"Home\",\"item\":\"https:\\\/\\\/www.appenzellos.ch\\\/\"},{\"@type\":\"ListItem\",\"position\":2,\"name\":\"Beschreibung\"}]},{\"@type\":\"WebSite\",\"@id\":\"https:\\\/\\\/www.appenzellos.ch\\\/#website\",\"url\":\"https:\\\/\\\/www.appenzellos.ch\\\/\",\"name\":\"Appenzellos by Conde de Irazu\",\"description\":\"\",\"publisher\":{\"@id\":\"https:\\\/\\\/www.appenzellos.ch\\\/#organization\"},\"potentialAction\":[{\"@type\":\"SearchAction\",\"target\":{\"@type\":\"EntryPoint\",\"urlTemplate\":\"https:\\\/\\\/www.appenzellos.ch\\\/?s={search_term_string}\"},\"query-input\":{\"@type\":\"PropertyValueSpecification\",\"valueRequired\":true,\"valueName\":\"search_term_string\"}}],\"inLanguage\":\"fr-FR\"},{\"@type\":\"Organization\",\"@id\":\"https:\\\/\\\/www.appenzellos.ch\\\/#organization\",\"name\":\"Appenzellos by Conde de Irazu\",\"url\":\"https:\\\/\\\/www.appenzellos.ch\\\/\",\"logo\":{\"@type\":\"ImageObject\",\"inLanguage\":\"fr-FR\",\"@id\":\"https:\\\/\\\/www.appenzellos.ch\\\/#\\\/schema\\\/logo\\\/image\\\/\",\"url\":\"https:\\\/\\\/www.appenzellos.ch\\\/wp-content\\\/uploads\\\/2022\\\/02\\\/logo.png\",\"contentUrl\":\"https:\\\/\\\/www.appenzellos.ch\\\/wp-content\\\/uploads\\\/2022\\\/02\\\/logo.png\",\"width\":141,\"height\":56,\"caption\":\"Appenzellos by Conde de Irazu\"},\"image\":{\"@id\":\"https:\\\/\\\/www.appenzellos.ch\\\/#\\\/schema\\\/logo\\\/image\\\/\"}}]}<\/script>\n<!-- \/ Yoast SEO plugin. -->","yoast_head_json":{"title":"Beschreibung - Appenzellos by Conde de Irazu","description":"Appenzellos die neu aufstrebende Zigarrenmarke f\u00fcr Kenner der Gem\u00fctlichkeit. Hier die Entstehungsgeschichte.","robots":{"index":"index","follow":"follow","max-snippet":"max-snippet:-1","max-image-preview":"max-image-preview:large","max-video-preview":"max-video-preview:-1"},"canonical":"https:\/\/www.appenzellos.ch\/fr\/beschreibung\/","og_locale":"fr_FR","og_type":"article","og_title":"Beschreibung - Appenzellos by Conde de Irazu","og_description":"Appenzellos die neu aufstrebende Zigarrenmarke f\u00fcr Kenner der Gem\u00fctlichkeit. Hier die Entstehungsgeschichte.","og_url":"https:\/\/www.appenzellos.ch\/fr\/beschreibung\/","og_site_name":"Appenzellos by Conde de Irazu","article_modified_time":"2022-06-04T08:10:31+00:00","og_image":[{"url":"https:\/\/www2.appenzellos.ch\/wp-content\/uploads\/2022\/02\/irazu-lg.png","type":"","width":"","height":""}],"twitter_card":"summary_large_image","twitter_misc":{"Dur\u00e9e de lecture estim\u00e9e":"3 minutes"},"schema":{"@context":"https:\/\/schema.org","@graph":[{"@type":"WebPage","@id":"https:\/\/www.appenzellos.ch\/beschreibung\/","url":"https:\/\/www.appenzellos.ch\/beschreibung\/","name":"Beschreibung - Appenzellos by Conde de Irazu","isPartOf":{"@id":"https:\/\/www.appenzellos.ch\/#website"},"primaryImageOfPage":{"@id":"https:\/\/www.appenzellos.ch\/beschreibung\/#primaryimage"},"image":{"@id":"https:\/\/www.appenzellos.ch\/beschreibung\/#primaryimage"},"thumbnailUrl":"https:\/\/www2.appenzellos.ch\/wp-content\/uploads\/2022\/02\/irazu-lg.png","datePublished":"2022-02-06T19:20:45+00:00","dateModified":"2022-06-04T08:10:31+00:00","description":"Appenzellos die neu aufstrebende Zigarrenmarke f\u00fcr Kenner der Gem\u00fctlichkeit. Hier die Entstehungsgeschichte.","breadcrumb":{"@id":"https:\/\/www.appenzellos.ch\/beschreibung\/#breadcrumb"},"inLanguage":"fr-FR","potentialAction":[{"@type":"ReadAction","target":["https:\/\/www.appenzellos.ch\/beschreibung\/"]}]},{"@type":"ImageObject","inLanguage":"fr-FR","@id":"https:\/\/www.appenzellos.ch\/beschreibung\/#primaryimage","url":"https:\/\/www2.appenzellos.ch\/wp-content\/uploads\/2022\/02\/irazu-lg.png","contentUrl":"https:\/\/www2.appenzellos.ch\/wp-content\/uploads\/2022\/02\/irazu-lg.png"},{"@type":"BreadcrumbList","@id":"https:\/\/www.appenzellos.ch\/beschreibung\/#breadcrumb","itemListElement":[{"@type":"ListItem","position":1,"name":"Home","item":"https:\/\/www.appenzellos.ch\/"},{"@type":"ListItem","position":2,"name":"Beschreibung"}]},{"@type":"WebSite","@id":"https:\/\/www.appenzellos.ch\/#website","url":"https:\/\/www.appenzellos.ch\/","name":"Appenzellos by Conde de Irazu","description":"","publisher":{"@id":"https:\/\/www.appenzellos.ch\/#organization"},"potentialAction":[{"@type":"SearchAction","target":{"@type":"EntryPoint","urlTemplate":"https:\/\/www.appenzellos.ch\/?s={search_term_string}"},"query-input":{"@type":"PropertyValueSpecification","valueRequired":true,"valueName":"search_term_string"}}],"inLanguage":"fr-FR"},{"@type":"Organization","@id":"https:\/\/www.appenzellos.ch\/#organization","name":"Appenzellos by Conde de Irazu","url":"https:\/\/www.appenzellos.ch\/","logo":{"@type":"ImageObject","inLanguage":"fr-FR","@id":"https:\/\/www.appenzellos.ch\/#\/schema\/logo\/image\/","url":"https:\/\/www.appenzellos.ch\/wp-content\/uploads\/2022\/02\/logo.png","contentUrl":"https:\/\/www.appenzellos.ch\/wp-content\/uploads\/2022\/02\/logo.png","width":141,"height":56,"caption":"Appenzellos by Conde de Irazu"},"image":{"@id":"https:\/\/www.appenzellos.ch\/#\/schema\/logo\/image\/"}}]}},"_links":{"self":[{"href":"https:\/\/www.appenzellos.ch\/fr\/wp-json\/wp\/v2\/pages\/187","targetHints":{"allow":["GET"]}}],"collection":[{"href":"https:\/\/www.appenzellos.ch\/fr\/wp-json\/wp\/v2\/pages"}],"about":[{"href":"https:\/\/www.appenzellos.ch\/fr\/wp-json\/wp\/v2\/types\/page"}],"author":[{"embeddable":true,"href":"https:\/\/www.appenzellos.ch\/fr\/wp-json\/wp\/v2\/users\/1"}],"replies":[{"embeddable":true,"href":"https:\/\/www.appenzellos.ch\/fr\/wp-json\/wp\/v2\/comments?post=187"}],"version-history":[{"count":238,"href":"https:\/\/www.appenzellos.ch\/fr\/wp-json\/wp\/v2\/pages\/187\/revisions"}],"predecessor-version":[{"id":1254,"href":"https:\/\/www.appenzellos.ch\/fr\/wp-json\/wp\/v2\/pages\/187\/revisions\/1254"}],"wp:attachment":[{"href":"https:\/\/www.appenzellos.ch\/fr\/wp-json\/wp\/v2\/media?parent=187"}],"curies":[{"name":"wp","href":"https:\/\/api.w.org\/{rel}","templated":true}]}}